{"id":721,"date":"2023-10-20T13:19:52","date_gmt":"2023-10-20T12:19:52","guid":{"rendered":"https:\/\/hcp-gmbh.net\/?page_id=721"},"modified":"2023-10-20T14:18:08","modified_gmt":"2023-10-20T13:18:08","slug":"karriere","status":"publish","type":"page","link":"https:\/\/hcp-gmbh.net\/en\/karriere\/","title":{"rendered":"Karriere"},"content":{"rendered":"<div data-elementor-type=\"wp-page\" data-elementor-id=\"721\" class=\"elementor elementor-721\" data-elementor-settings=\"[]\">\n\t\t\t\t\t\t<div class=\"elementor-inner\">\n\t\t\t\t\t\t\t<div class=\"elementor-section-wrap\">\n\t\t\t\t\t\t\t<section class=\"elementor-section elementor-top-section elementor-element elementor-element-e643534 elementor-section-full_width elementor-section-height-min-height elementor-section-items-stretch elementor-section-content-middle elementor-reverse-tablet elementor-reverse-mobile elementor-section-height-default\" data-id=\"e643534\" data-element_type=\"section\">\n\t\t\t\t\t\t<div class=\"elementor-container elementor-column-gap-no\">\n\t\t\t\t\t\t\t<div class=\"elementor-row\">\n\t\t\t\t\t<div class=\"elementor-column elementor-col-50 elementor-top-column elementor-element elementor-element-37b04c72\" data-id=\"37b04c72\" data-element_type=\"column\">\n\t\t\t<div class=\"elementor-column-wrap elementor-element-populated\">\n\t\t\t\t\t\t\t<div class=\"elementor-widget-wrap\">\n\t\t\t\t\t\t<div class=\"elementor-element elementor-element-5959b936 elementor-invisible elementor-widget elementor-widget-image\" data-id=\"5959b936\" data-element_type=\"widget\" data-settings=\"{&quot;motion_fx_motion_fx_scrolling&quot;:&quot;yes&quot;,&quot;motion_fx_translateY_effect&quot;:&quot;yes&quot;,&quot;motion_fx_translateY_direction&quot;:&quot;negative&quot;,&quot;motion_fx_translateY_speed&quot;:{&quot;unit&quot;:&quot;px&quot;,&quot;size&quot;:1.5,&quot;sizes&quot;:[]},&quot;_animation&quot;:&quot;slideInLeft&quot;,&quot;motion_fx_translateY_affectedRange&quot;:{&quot;unit&quot;:&quot;%&quot;,&quot;size&quot;:&quot;&quot;,&quot;sizes&quot;:{&quot;start&quot;:0,&quot;end&quot;:100}},&quot;motion_fx_devices&quot;:[&quot;desktop&quot;,&quot;tablet&quot;,&quot;mobile&quot;]}\" data-widget_type=\"image.default\">\n\t\t\t\t<div class=\"elementor-widget-container\">\n\t\t\t\t\t\t\t\t<div class=\"elementor-image\">\n\t\t\t\t\t\t\t\t\t\t\t\t<img width=\"1024\" height=\"683\" src=\"https:\/\/hcp-gmbh.net\/wp-content\/uploads\/2023\/05\/DSC00070-1024x683.jpg\" class=\"attachment-large size-large\" alt=\"\" loading=\"lazy\" srcset=\"https:\/\/hcp-gmbh.net\/wp-content\/uploads\/2023\/05\/DSC00070-1024x683.jpg 1024w, https:\/\/hcp-gmbh.net\/wp-content\/uploads\/2023\/05\/DSC00070-300x200.jpg 300w, https:\/\/hcp-gmbh.net\/wp-content\/uploads\/2023\/05\/DSC00070-768x512.jpg 768w, https:\/\/hcp-gmbh.net\/wp-content\/uploads\/2023\/05\/DSC00070-1536x1024.jpg 1536w, https:\/\/hcp-gmbh.net\/wp-content\/uploads\/2023\/05\/DSC00070-2048x1365.jpg 2048w, https:\/\/hcp-gmbh.net\/wp-content\/uploads\/2023\/05\/DSC00070-18x12.jpg 18w, https:\/\/hcp-gmbh.net\/wp-content\/uploads\/2023\/05\/DSC00070-930x620.jpg 930w\" sizes=\"(max-width: 1024px) 100vw, 1024px\" \/>\t\t\t\t\t\t\t\t\t\t\t\t\t\t<\/div>\n\t\t\t\t\t\t<\/div>\n\t\t\t\t<\/div>\n\t\t\t\t\t\t<\/div>\n\t\t\t\t\t<\/div>\n\t\t<\/div>\n\t\t\t\t<div class=\"elementor-column elementor-col-50 elementor-top-column elementor-element elementor-element-547c775c\" data-id=\"547c775c\" data-element_type=\"column\">\n\t\t\t<div class=\"elementor-column-wrap elementor-element-populated\">\n\t\t\t\t\t\t\t<div class=\"elementor-widget-wrap\">\n\t\t\t\t\t\t<div class=\"elementor-element elementor-element-4648dd7 animated-slow elementor-invisible elementor-widget elementor-widget-heading\" data-id=\"4648dd7\" data-element_type=\"widget\" data-settings=\"{&quot;_animation&quot;:&quot;fadeIn&quot;}\" data-widget_type=\"heading.default\">\n\t\t\t\t<div class=\"elementor-widget-container\">\n\t\t\t<h1 class=\"elementor-heading-title elementor-size-default\">Qualifizierte Mitarbeiter gesucht<\/h1>\t\t<\/div>\n\t\t\t\t<\/div>\n\t\t\t\t<div class=\"elementor-element elementor-element-39dc8d71 elementor-invisible elementor-widget elementor-widget-text-editor\" data-id=\"39dc8d71\" data-element_type=\"widget\" data-settings=\"{&quot;_animation&quot;:&quot;fadeIn&quot;,&quot;_animation_delay&quot;:200}\" data-widget_type=\"text-editor.default\">\n\t\t\t\t<div class=\"elementor-widget-container\">\n\t\t\t\t\t\t\t\t<div class=\"elementor-text-editor elementor-clearfix\">\n\t\t\t\t<p>Neben der G\u00fcte unserer Produkte, einem attraktiven Preisleistungsverh\u00e4ltnis, dem weltweiten Aktionsradius und der kontinuierlichen Weiterentwicklung unserer Qualit\u00e4tssicherung geh\u00f6rt insbesondere auch ein hoch motiviertes Team zu unseren besonderen St\u00e4rken unseres Unternehmens.<br \/><br \/>HCP GmbH bietet Ihnen einen vielseitigen Arbeitsplatz in einem dynamischen, zukunftsorientierten Umfeld, eine sehr gute Einarbeitung sowie eine leistungsgerechte Bezahlung.<\/p>\t\t\t\t\t<\/div>\n\t\t\t\t\t\t<\/div>\n\t\t\t\t<\/div>\n\t\t\t\t\t\t<\/div>\n\t\t\t\t\t<\/div>\n\t\t<\/div>\n\t\t\t\t\t\t\t\t<\/div>\n\t\t\t\t\t<\/div>\n\t\t<\/section>\n\t\t\t\t<section class=\"elementor-section elementor-top-section elementor-element elementor-element-496b1517 elementor-section-boxed elementor-section-height-default elementor-section-height-default elementor-invisible\" data-id=\"496b1517\" data-element_type=\"section\" data-settings=\"{&quot;animation&quot;:&quot;fadeInUp&quot;}\">\n\t\t\t\t\t\t<div class=\"elementor-container elementor-column-gap-no\">\n\t\t\t\t\t\t\t<div class=\"elementor-row\">\n\t\t\t\t\t<div class=\"elementor-column elementor-col-50 elementor-top-column elementor-element elementor-element-113f2f2b\" data-id=\"113f2f2b\" data-element_type=\"column\" data-settings=\"{&quot;background_background&quot;:&quot;classic&quot;}\">\n\t\t\t<div class=\"elementor-column-wrap elementor-element-populated\">\n\t\t\t\t\t\t\t<div class=\"elementor-widget-wrap\">\n\t\t\t\t\t\t<div class=\"elementor-element elementor-element-14842044 animated-slow elementor-invisible elementor-widget elementor-widget-heading\" data-id=\"14842044\" data-element_type=\"widget\" data-settings=\"{&quot;_animation&quot;:&quot;fadeIn&quot;}\" data-widget_type=\"heading.default\">\n\t\t\t\t<div class=\"elementor-widget-container\">\n\t\t\t<h3 class=\"elementor-heading-title elementor-size-default\"><a href=\"https:\/\/hcp-gmbh.net\/en\/kundenberater\/\">Kundenberater (m\/w\/d) Au\u00dfendienst<\/a><\/h3>\t\t<\/div>\n\t\t\t\t<\/div>\n\t\t\t\t<div class=\"elementor-element elementor-element-204cea77 elementor-align-left elementor-tablet-align-left elementor-mobile-align-center elementor-widget elementor-widget-button\" data-id=\"204cea77\" data-element_type=\"widget\" data-widget_type=\"button.default\">\n\t\t\t\t<div class=\"elementor-widget-container\">\n\t\t\t\t\t<div class=\"elementor-button-wrapper\">\n\t\t\t<a href=\"https:\/\/hcp-gmbh.net\/en\/kundenberater\/\" class=\"elementor-button-link elementor-button elementor-size-sm elementor-animation-float\" role=\"button\">\n\t\t\t\t\t\t<span class=\"elementor-button-content-wrapper\">\n\t\t\t\t\t\t<span class=\"elementor-button-text\">Mehr Informationen \u27f6<\/span>\n\t\t<\/span>\n\t\t\t\t\t<\/a>\n\t\t<\/div>\n\t\t\t\t<\/div>\n\t\t\t\t<\/div>\n\t\t\t\t\t\t<\/div>\n\t\t\t\t\t<\/div>\n\t\t<\/div>\n\t\t\t\t<div class=\"elementor-column elementor-col-50 elementor-top-column elementor-element elementor-element-4692ffa4\" data-id=\"4692ffa4\" data-element_type=\"column\" data-settings=\"{&quot;background_background&quot;:&quot;classic&quot;}\">\n\t\t\t<div class=\"elementor-column-wrap elementor-element-populated\">\n\t\t\t\t\t\t\t<div class=\"elementor-widget-wrap\">\n\t\t\t\t\t\t<div class=\"elementor-element elementor-element-7e6cfed5 animated-slow elementor-invisible elementor-widget elementor-widget-heading\" data-id=\"7e6cfed5\" data-element_type=\"widget\" data-settings=\"{&quot;_animation&quot;:&quot;fadeIn&quot;}\" data-widget_type=\"heading.default\">\n\t\t\t\t<div class=\"elementor-widget-container\">\n\t\t\t<h3 class=\"elementor-heading-title elementor-size-default\"><a href=\"https:\/\/hcp-gmbh.net\/en\/einkaufsmanager\/\">Einkaufsmanager (m\/w\/d) f\u00fcr Pharmaprodukte<\/a><\/h3>\t\t<\/div>\n\t\t\t\t<\/div>\n\t\t\t\t<div class=\"elementor-element elementor-element-7332de10 elementor-align-left elementor-tablet-align-left elementor-mobile-align-center elementor-widget elementor-widget-button\" data-id=\"7332de10\" data-element_type=\"widget\" data-widget_type=\"button.default\">\n\t\t\t\t<div class=\"elementor-widget-container\">\n\t\t\t\t\t<div class=\"elementor-button-wrapper\">\n\t\t\t<a href=\"https:\/\/hcp-gmbh.net\/en\/einkaufsmanager\/\" class=\"elementor-button-link elementor-button elementor-size-sm elementor-animation-float\" role=\"button\">\n\t\t\t\t\t\t<span class=\"elementor-button-content-wrapper\">\n\t\t\t\t\t\t<span class=\"elementor-button-text\">Mehr Informationen \u27f6<\/span>\n\t\t<\/span>\n\t\t\t\t\t<\/a>\n\t\t<\/div>\n\t\t\t\t<\/div>\n\t\t\t\t<\/div>\n\t\t\t\t\t\t<\/div>\n\t\t\t\t\t<\/div>\n\t\t<\/div>\n\t\t\t\t\t\t\t\t<\/div>\n\t\t\t\t\t<\/div>\n\t\t<\/section>\n\t\t\t\t\t\t<\/div>\n\t\t\t\t\t\t<\/div>\n\t\t\t\t\t<\/div>","protected":false},"excerpt":{"rendered":"<p>Qualifizierte Mitarbeiter gesucht Neben der G\u00fcte unserer Produkte, einem attraktiven Preisleistungsverh\u00e4ltnis, dem weltweiten Aktionsradius und der kontinuierlichen Weiterentwicklung unserer Qualit\u00e4tssicherung geh\u00f6rt insbesondere auch ein hoch motiviertes Team zu unseren besonderen St\u00e4rken unseres Unternehmens. HCP GmbH bietet Ihnen einen vielseitigen Arbeitsplatz in einem dynamischen, zukunftsorientierten Umfeld, eine sehr gute Einarbeitung sowie eine leistungsgerechte Bezahlung. Kundenberater (m\/w\/d)&hellip;&nbsp;<a href=\"https:\/\/hcp-gmbh.net\/en\/karriere\/\" class=\"\" rel=\"bookmark\">Read More &raquo;<span class=\"screen-reader-text\">Karriere<\/span><\/a><\/p>","protected":false},"author":1,"featured_media":0,"parent":0,"menu_order":0,"comment_status":"closed","ping_status":"closed","template":"page-templates\/template-pagebuilder-full-width.php","meta":{"neve_meta_sidebar":"full-width","neve_meta_container":"","neve_meta_enable_content_width":"on","neve_meta_content_width":100,"neve_meta_title_alignment":"","neve_meta_author_avatar":"","neve_post_elements_order":"","neve_meta_disable_header":"","neve_meta_disable_footer":"","neve_meta_disable_title":""},"_links":{"self":[{"href":"https:\/\/hcp-gmbh.net\/en\/wp-json\/wp\/v2\/pages\/721"}],"collection":[{"href":"https:\/\/hcp-gmbh.net\/en\/wp-json\/wp\/v2\/pages"}],"about":[{"href":"https:\/\/hcp-gmbh.net\/en\/wp-json\/wp\/v2\/types\/page"}],"author":[{"embeddable":true,"href":"https:\/\/hcp-gmbh.net\/en\/wp-json\/wp\/v2\/users\/1"}],"replies":[{"embeddable":true,"href":"https:\/\/hcp-gmbh.net\/en\/wp-json\/wp\/v2\/comments?post=721"}],"version-history":[{"count":17,"href":"https:\/\/hcp-gmbh.net\/en\/wp-json\/wp\/v2\/pages\/721\/revisions"}],"predecessor-version":[{"id":760,"href":"https:\/\/hcp-gmbh.net\/en\/wp-json\/wp\/v2\/pages\/721\/revisions\/760"}],"wp:attachment":[{"href":"https:\/\/hcp-gmbh.net\/en\/wp-json\/wp\/v2\/media?parent=721"}],"curies":[{"name":"wp","href":"https:\/\/api.w.org\/{rel}","templated":true}]}}