{"id":740,"date":"2023-10-20T13:30:52","date_gmt":"2023-10-20T12:30:52","guid":{"rendered":"https:\/\/hcp-gmbh.net\/?page_id=740"},"modified":"2023-10-20T13:37:16","modified_gmt":"2023-10-20T12:37:16","slug":"einkaufsmanager","status":"publish","type":"page","link":"https:\/\/hcp-gmbh.net\/en\/einkaufsmanager\/","title":{"rendered":"EINKAUFSMANAGER"},"content":{"rendered":"<div data-elementor-type=\"wp-post\" data-elementor-id=\"740\" class=\"elementor elementor-740\" data-elementor-settings=\"[]\">\n\t\t\t\t\t\t<div class=\"elementor-inner\">\n\t\t\t\t\t\t\t<div class=\"elementor-section-wrap\">\n\t\t\t\t\t\t\t<section class=\"elementor-section elementor-top-section elementor-element elementor-element-11090ff1 elementor-section-boxed elementor-section-height-default elementor-section-height-default\" data-id=\"11090ff1\" data-element_type=\"section\">\n\t\t\t\t\t\t<div class=\"elementor-container elementor-column-gap-no\">\n\t\t\t\t\t\t\t<div class=\"elementor-row\">\n\t\t\t\t\t<div class=\"elementor-column elementor-col-100 elementor-top-column elementor-element elementor-element-7650ea75\" data-id=\"7650ea75\" data-element_type=\"column\">\n\t\t\t<div class=\"elementor-column-wrap elementor-element-populated\">\n\t\t\t\t\t\t\t<div class=\"elementor-widget-wrap\">\n\t\t\t\t\t\t<div class=\"elementor-element elementor-element-5952969b elementor-widget elementor-widget-heading\" data-id=\"5952969b\" data-element_type=\"widget\" data-widget_type=\"heading.default\">\n\t\t\t\t<div class=\"elementor-widget-container\">\n\t\t\t<h1 class=\"elementor-heading-title elementor-size-default\">Einkaufsmanager (M\/W\/D) F\u00fcr Pharmaprodukte<\/h1>\t\t<\/div>\n\t\t\t\t<\/div>\n\t\t\t\t<div class=\"elementor-element elementor-element-b6ca671 elementor-invisible elementor-widget elementor-widget-text-editor\" data-id=\"b6ca671\" data-element_type=\"widget\" data-settings=\"{&quot;_animation&quot;:&quot;fadeIn&quot;,&quot;_animation_delay&quot;:200}\" data-widget_type=\"text-editor.default\">\n\t\t\t\t<div class=\"elementor-widget-container\">\n\t\t\t\t\t\t\t\t<div class=\"elementor-text-editor elementor-clearfix\">\n\t\t\t\t<ol><li><strong>Unsere Werte und Vision<br \/><br \/><\/strong>Gegr\u00fcndet 1997 in Hannover, widmet sich HCP GmbH dem Import und Export von niccht verschreibungspflichtigen Medikamenten, verschreibungspflichtigen Arzneimitteln, medizinischen Ger\u00e4ten, Nahrungserg\u00e4nzungsmitteln und Hautpflegeprodukten. Der asiatische Markt stellt unser Hauptvertriebsziel dar. In der medizinischen und gesundheitlichen Branche genie\u00dfen wir einen ausgezeichneten Ruf und erheblichen Einfluss.<\/li><\/ol><p>\u00a0<\/p><ol start=\"2\"><li><strong>Ihre Aufgaben<br \/><br \/><\/strong>Beschaffung von Medikamenten, medizinischen Ger\u00e4ten, Nahrungserg\u00e4nzungsmitteln und Hautpflegeprodukten unter Ber\u00fccksichtigung von Qualit\u00e4t, Preis und Lieferf\u00e4higkeit.<br \/>Laufende Optimierung der Einkaufskonditionen durch Preisverhandlungen und Evaluierung alternativer Lieferanten.<br \/>Sicherstellung einer stabilen und zuverl\u00e4ssigen Lieferkette, um Unterbrechungen der Warenverf\u00fcgbarkeit zu vermeiden.<br \/>Beobachtung von Markttrends und Produktneuheiten in der Pharmabranche und angrenzenden Bereichen.<br \/>Aufbau und Pflege von Beziehungen zu Lieferanten und anderen Gesch\u00e4ftspartnern.<\/li><\/ol><p>\u00a0<\/p><ol start=\"3\"><li><strong>Anforderungen<br \/><br \/><\/strong>Relevante Bildung oder Erfahrung im Bereich Einkauf, vorzugsweise in der Pharma- oder Gesundheitsbranche.<br \/>Starke Verhandlungsf\u00e4higkeiten und ein gutes Auge f\u00fcr Details.<br \/>Fundierte Kenntnisse in MS Office und Einkaufsmanagement-Software.<br \/>Rasche Auffassungsgabe, proaktiver Ansatz und zielorientiertes Arbeiten.<br \/>Ausgepr\u00e4gte Kommunikationsf\u00e4higkeiten und Teamorientierung.<\/li><\/ol><p>\u00a0<\/p><ol start=\"4\"><li><strong>Was wir bieten<br \/><br \/><\/strong>Einen stabilen Arbeitsplatz in einem wachsenden Unternehmen.<br \/>Attraktive Verg\u00fctung inklusive Sozialleistungen.<br \/>Umfassende Weiterbildungs- und Entwicklungsm\u00f6glichkeiten.<br \/>Ein dynamisches und kollegiales Arbeitsumfeld.<br \/>Die Chance, aktiv am Wachstum und Erfolg von HCP GmbH teilzuhaben.<\/li><\/ol><p>\u00a0<\/p><p>Wenn Sie die Zukunft von HCP GmbH aktiv mitgestalten m\u00f6chten, freuen wir uns auf Ihre Bewerbung. Bitte senden Sie uns Ihre vollst\u00e4ndigen Unterlagen im PDF-Format per E-Mail, inklusive Ihres fr\u00fchestm\u00f6glichen Eintrittstermins und Ihrer Gehaltsvorstellung.<\/p><p>\u00a0<\/p><p><strong>Ansprechpartnerin<\/strong><\/p><p>Sabine\u00a0Hegenbarth\u00a0Tochtenhagen<br \/>Industriestr. 38,\u00a0<\/p><p>30900 Wedemark-Mellendorf,\u00a0<\/p><p>Deutschland<\/p><p>T +49 (0)\u00a05130\u00a09069432\u00a0<\/p><p>F +49 (0) 5130\u00a09069433\u00a0\u00a0<\/p><p><a href=\"mailto:service@hcp-online.com\" aria-describedby=\"a11y-external-message\">service@hcp-online.com<\/a><\/p><p><a href=\"http:\/\/www.hcp-online.com\" aria-describedby=\"a11y-external-message\">http:\/\/www.hcp-online.com<\/a><\/p><p>\u00a0<\/p>\t\t\t\t\t<\/div>\n\t\t\t\t\t\t<\/div>\n\t\t\t\t<\/div>\n\t\t\t\t\t\t<\/div>\n\t\t\t\t\t<\/div>\n\t\t<\/div>\n\t\t\t\t\t\t\t\t<\/div>\n\t\t\t\t\t<\/div>\n\t\t<\/section>\n\t\t\t\t\t\t<\/div>\n\t\t\t\t\t\t<\/div>\n\t\t\t\t\t<\/div>","protected":false},"excerpt":{"rendered":"<p>Einkaufsmanager (M\/W\/D) F\u00fcr Pharmaprodukte Unsere Werte und Vision Gegr\u00fcndet 1997 in Hannover, widmet sich HCP GmbH dem Import und Export von niccht verschreibungspflichtigen Medikamenten, verschreibungspflichtigen Arzneimitteln, medizinischen Ger\u00e4ten, Nahrungserg\u00e4nzungsmitteln und Hautpflegeprodukten. Der asiatische Markt stellt unser Hauptvertriebsziel dar. In der medizinischen und gesundheitlichen Branche genie\u00dfen wir einen ausgezeichneten Ruf und erheblichen Einfluss. Ihre Aufgaben Beschaffung&hellip;&nbsp;<a href=\"https:\/\/hcp-gmbh.net\/en\/einkaufsmanager\/\" class=\"\" rel=\"bookmark\">Read More &raquo;<span class=\"screen-reader-text\">EINKAUFSMANAGER<\/span><\/a><\/p>","protected":false},"author":1,"featured_media":0,"parent":0,"menu_order":0,"comment_status":"closed","ping_status":"closed","template":"page-templates\/template-pagebuilder-full-width.php","meta":{"neve_meta_sidebar":"","neve_meta_container":"","neve_meta_enable_content_width":"","neve_meta_content_width":0,"neve_meta_title_alignment":"","neve_meta_author_avatar":"","neve_post_elements_order":"","neve_meta_disable_header":"","neve_meta_disable_footer":"","neve_meta_disable_title":""},"_links":{"self":[{"href":"https:\/\/hcp-gmbh.net\/en\/wp-json\/wp\/v2\/pages\/740"}],"collection":[{"href":"https:\/\/hcp-gmbh.net\/en\/wp-json\/wp\/v2\/pages"}],"about":[{"href":"https:\/\/hcp-gmbh.net\/en\/wp-json\/wp\/v2\/types\/page"}],"author":[{"embeddable":true,"href":"https:\/\/hcp-gmbh.net\/en\/wp-json\/wp\/v2\/users\/1"}],"replies":[{"embeddable":true,"href":"https:\/\/hcp-gmbh.net\/en\/wp-json\/wp\/v2\/comments?post=740"}],"version-history":[{"count":8,"href":"https:\/\/hcp-gmbh.net\/en\/wp-json\/wp\/v2\/pages\/740\/revisions"}],"predecessor-version":[{"id":748,"href":"https:\/\/hcp-gmbh.net\/en\/wp-json\/wp\/v2\/pages\/740\/revisions\/748"}],"wp:attachment":[{"href":"https:\/\/hcp-gmbh.net\/en\/wp-json\/wp\/v2\/media?parent=740"}],"curies":[{"name":"wp","href":"https:\/\/api.w.org\/{rel}","templated":true}]}}