{"id":753,"date":"2023-10-20T14:17:13","date_gmt":"2023-10-20T13:17:13","guid":{"rendered":"https:\/\/hcp-gmbh.net\/?page_id=753"},"modified":"2023-10-20T14:17:46","modified_gmt":"2023-10-20T13:17:46","slug":"kundenberater","status":"publish","type":"page","link":"https:\/\/hcp-gmbh.net\/en\/kundenberater\/","title":{"rendered":"Kundenberater"},"content":{"rendered":"<div data-elementor-type=\"wp-page\" data-elementor-id=\"753\" class=\"elementor elementor-753\" data-elementor-settings=\"[]\">\n\t\t\t\t\t\t<div class=\"elementor-inner\">\n\t\t\t\t\t\t\t<div class=\"elementor-section-wrap\">\n\t\t\t\t\t\t\t<section class=\"elementor-section elementor-top-section elementor-element elementor-element-70a99ed elementor-section-boxed elementor-section-height-default elementor-section-height-default\" data-id=\"70a99ed\" data-element_type=\"section\">\n\t\t\t\t\t\t<div class=\"elementor-container elementor-column-gap-no\">\n\t\t\t\t\t\t\t<div class=\"elementor-row\">\n\t\t\t\t\t<div class=\"elementor-column elementor-col-100 elementor-top-column elementor-element elementor-element-e7518e4\" data-id=\"e7518e4\" data-element_type=\"column\">\n\t\t\t<div class=\"elementor-column-wrap elementor-element-populated\">\n\t\t\t\t\t\t\t<div class=\"elementor-widget-wrap\">\n\t\t\t\t\t\t<div class=\"elementor-element elementor-element-88d3c23 elementor-widget elementor-widget-heading\" data-id=\"88d3c23\" data-element_type=\"widget\" data-widget_type=\"heading.default\">\n\t\t\t\t<div class=\"elementor-widget-container\">\n\t\t\t<h1 class=\"elementor-heading-title elementor-size-default\">Kundenberater (m\/w\/d) Au\u00dfendienst<\/h1>\t\t<\/div>\n\t\t\t\t<\/div>\n\t\t\t\t<div class=\"elementor-element elementor-element-e2e5df1 elementor-invisible elementor-widget elementor-widget-text-editor\" data-id=\"e2e5df1\" data-element_type=\"widget\" data-settings=\"{&quot;_animation&quot;:&quot;fadeIn&quot;,&quot;_animation_delay&quot;:200}\" data-widget_type=\"text-editor.default\">\n\t\t\t\t<div class=\"elementor-widget-container\">\n\t\t\t\t\t\t\t\t<div class=\"elementor-text-editor elementor-clearfix\">\n\t\t\t\t<ol><li><ol><li><strong>Unsere Werte und Vision<br \/><br \/><\/strong>\u00a0Gegr\u00fcndet 1997 in Hannover, steht Nutrimexx als renommierte Marke f\u00fcr Nahrungserg\u00e4nzungsmittel. Wir sind der \u00dcberzeugung, dass wahre Gesundheit auf Nat\u00fcrlichkeit beruht und streben st\u00e4ndig danach, unsere Produkte durch innovative Formeln, Darreichungsformen und Anwendungen zu revolutionieren. Besonders stolz sind wir auf den herausragenden Erfolg unserer Helicobacter pylori-Schnelltestkits und Probiotika-Kautabletten. Heute sind unsere Produkte nicht nur in Deutschland, sondern auch in China, Singapur und vielen weiteren L\u00e4ndern in Apotheken und medizinischen Vertriebskan\u00e4len erh\u00e4ltlich.<\/li><\/ol><p>\u00a0<\/p><ol start=\"2\"><li><strong>Ihre Aufgaben<br \/><br \/><\/strong>Produktberatung und Bestellservice f\u00fcr B2B-Kunden<br \/>Marken- und Produktf\u00f6rderung in Apotheken, Praxis und anderen gesundheitsbezogenen Vertriebskan\u00e4len<br \/>Akquisition neuer B2B-Kunden sowie Pflege bestehender Kundenbeziehungen<br \/>Bereitstellung fachlicher Produktinformationen und Unterst\u00fctzung beim Bestellprozess<br \/>Beobachtung aktueller Markttrends und Sammlung von Kundenfeedback<\/li><\/ol><p>\u00a0<\/p><ol start=\"3\"><li><strong>Anforderungen<br \/><br \/><\/strong>Relevante Bildung oder Erfahrung in der Pharma- und Gesundheitsbranche<br \/>Rasche Auffassungsgabe, proaktiver Ansatz und zielorientiertes Arbeiten<br \/>Fundierte Kenntnisse in MS Office<br \/>Spa\u00df am direkten und telefonischen Kundenkontakt<br \/>Starke Kommunikationsf\u00e4higkeiten<\/li><\/ol><p>\u00a0<\/p><ol start=\"4\"><li><strong>Was wir bieten<br \/><br \/><\/strong>Einen stabilen Arbeitsplatz in einem wachsenden Unternehmen<br \/>Attraktive Verg\u00fctung inklusive Sozialleistungen<br \/>Gute Anbindung an die S-Bahn<br \/>Umfassendes Schulungsprogramm<br \/>Modernste Kommunikationstools zur Unterst\u00fctzung Ihrer Arbeit<br \/>Dienstwagen und Diensthandy, auch zur privaten Nutzung<br \/>Eine internationale Perspektive<\/li><\/ol><p>\u00a0<\/p><p>Wenn Sie sich vorstellen k\u00f6nnen, unser Team aktiv zu unterst\u00fctzen, dann w\u00fcrden wir Sie gerne kennenlernen. Bitte senden Sie uns Ihre vollst\u00e4ndige Bewerbung im PDF-Format per E-Mail, inklusive Ihrem fr\u00fchestm\u00f6glichen Eintrittstermin und Ihrer Gehaltsvorstellung.<\/p><p>\u00a0<\/p><p><strong>Ansprechpartnerin<\/strong><\/p><p>Sabine\u00a0Hegenbarth\u00a0Tochtenhagen<br \/>Industriestr. 38,\u00a0<\/p><p>30900 Wedemark-Mellendorf,\u00a0<\/p><p>Deutschland<\/p><p>T +49 (0)\u00a05130\u00a09069432\u00a0<\/p><p>F +49 (0) 5130\u00a09069433\u00a0\u00a0<\/p><p><a href=\"mailto:service@hcp-online.com\" aria-describedby=\"a11y-external-message\">service@hcp-online.com<\/a><\/p><p><a href=\"http:\/\/www.hcp-online.com\" aria-describedby=\"a11y-external-message\">http:\/\/www.hcp-online.com<\/a><\/p><p>\u00a0<\/p><\/li><\/ol>\t\t\t\t\t<\/div>\n\t\t\t\t\t\t<\/div>\n\t\t\t\t<\/div>\n\t\t\t\t\t\t<\/div>\n\t\t\t\t\t<\/div>\n\t\t<\/div>\n\t\t\t\t\t\t\t\t<\/div>\n\t\t\t\t\t<\/div>\n\t\t<\/section>\n\t\t\t\t\t\t<\/div>\n\t\t\t\t\t\t<\/div>\n\t\t\t\t\t<\/div>","protected":false},"excerpt":{"rendered":"<p>Kundenberater (m\/w\/d) Au\u00dfendienst Unsere Werte und Vision \u00a0Gegr\u00fcndet 1997 in Hannover, steht Nutrimexx als renommierte Marke f\u00fcr Nahrungserg\u00e4nzungsmittel. Wir sind der \u00dcberzeugung, dass wahre Gesundheit auf Nat\u00fcrlichkeit beruht und streben st\u00e4ndig danach, unsere Produkte durch innovative Formeln, Darreichungsformen und Anwendungen zu revolutionieren. Besonders stolz sind wir auf den herausragenden Erfolg unserer Helicobacter pylori-Schnelltestkits und Probiotika-Kautabletten.&hellip;&nbsp;<a href=\"https:\/\/hcp-gmbh.net\/en\/kundenberater\/\" class=\"\" rel=\"bookmark\">Read More &raquo;<span class=\"screen-reader-text\">Kundenberater<\/span><\/a><\/p>","protected":false},"author":1,"featured_media":0,"parent":0,"menu_order":0,"comment_status":"closed","ping_status":"closed","template":"page-templates\/template-pagebuilder-full-width.php","meta":{"neve_meta_sidebar":"full-width","neve_meta_container":"","neve_meta_enable_content_width":"on","neve_meta_content_width":100,"neve_meta_title_alignment":"","neve_meta_author_avatar":"","neve_post_elements_order":"","neve_meta_disable_header":"","neve_meta_disable_footer":"","neve_meta_disable_title":""},"_links":{"self":[{"href":"https:\/\/hcp-gmbh.net\/en\/wp-json\/wp\/v2\/pages\/753"}],"collection":[{"href":"https:\/\/hcp-gmbh.net\/en\/wp-json\/wp\/v2\/pages"}],"about":[{"href":"https:\/\/hcp-gmbh.net\/en\/wp-json\/wp\/v2\/types\/page"}],"author":[{"embeddable":true,"href":"https:\/\/hcp-gmbh.net\/en\/wp-json\/wp\/v2\/users\/1"}],"replies":[{"embeddable":true,"href":"https:\/\/hcp-gmbh.net\/en\/wp-json\/wp\/v2\/comments?post=753"}],"version-history":[{"count":4,"href":"https:\/\/hcp-gmbh.net\/en\/wp-json\/wp\/v2\/pages\/753\/revisions"}],"predecessor-version":[{"id":757,"href":"https:\/\/hcp-gmbh.net\/en\/wp-json\/wp\/v2\/pages\/753\/revisions\/757"}],"wp:attachment":[{"href":"https:\/\/hcp-gmbh.net\/en\/wp-json\/wp\/v2\/media?parent=753"}],"curies":[{"name":"wp","href":"https:\/\/api.w.org\/{rel}","templated":true}]}}